{"id":2809,"date":"2024-01-07T01:27:58","date_gmt":"2024-01-07T06:27:58","guid":{"rendered":"https:\/\/www.fermedescouleurs.com\/nuestra-granja\/quiosco\/"},"modified":"2026-03-23T00:07:10","modified_gmt":"2026-03-23T04:07:10","slug":"quiosco","status":"publish","type":"page","link":"https:\/\/www.fermedescouleurs.com\/es\/nuestra-granja\/quiosco\/","title":{"rendered":"Quiosco"},"content":{"rendered":"\n<div class=\"wp-block-uagb-container uagb-block-2f75c305 alignfull uagb-is-root-container\"><div class=\"uagb-container-inner-blocks-wrap\">\n<div class=\"wp-block-uagb-info-box uagb-block-bada88a3 uagb-infobox__content-wrap  uagb-infobox-icon-above-title uagb-infobox-image-valign-top\"><div class=\"uagb-ifb-content\"><div class=\"uagb-ifb-title-wrap\"><div class=\"uagb-ifb-separator\"><\/div><h1 class=\"uagb-ifb-title\">Quiosco de autoservicio<\/h1><\/div><\/div><\/div>\n\n\n\n<div class=\"wp-block-uagb-advanced-heading uagb-block-b6034324\"><p class=\"uagb-desc-text\">Nos alegra darte la bienvenida a nuestro quiosco de autoservicio en Saint-Justine-de-Newton y en Rivi\u00e8re-Beaudette. Tu confianza en nuestros productos locales y frescos nos inspira cada d\u00eda. <\/p><\/div>\n<\/div><\/div>\n\n<div class=\"wp-block-uagb-container uagb-block-80e06480 alignfull uagb-is-root-container\"><div class=\"uagb-container-inner-blocks-wrap\">\n<div class=\"wp-block-uagb-info-box uagb-block-dac02f5d uagb-infobox__content-wrap  uagb-infobox-icon-above-title uagb-infobox-image-valign-top\"><div class=\"uagb-ifb-content\"><div class=\"uagb-ifb-title-wrap\"><span class=\"uagb-ifb-title-prefix\">Disponibilidad y cercan\u00eda<\/span><div class=\"uagb-ifb-separator\"><\/div><h2 class=\"uagb-ifb-title\">Quiosco de autoservicio<\/h2><\/div><\/div><\/div>\n\n\n\n<div class=\"wp-block-uagb-container uagb-block-e2c74950\">\n<div class=\"wp-block-uagb-advanced-heading uagb-block-f6eaa56f\"><p class=\"uagb-desc-text\"><a href=\"https:\/\/www.facebook.com\/fermedescouleurs\" data-type=\"link\" data-id=\"https:\/\/www.facebook.com\/fermedescouleurs\" target=\"_blank\" rel=\"noopener\">S\u00edguenos en Facebook para conocer la disponibilidad de productos en los quioscos.<\/a><\/p><\/div>\n<\/div>\n\n\n\n<section class=\"wp-block-uagb-container uagb-block-0103280e\">\n<div data-aos= \"zoom-in\" data-aos-duration=\"400\" data-aos-delay=\"0\" data-aos-easing=\"ease\" data-aos-once=\"true\" class=\"wp-block-uagb-container uagb-block-b2aec1e2\">\n<ul class=\"wp-block-social-links is-layout-flex wp-block-social-links-is-layout-flex\"><li class=\"wp-social-link wp-social-link-facebook  wp-block-social-link\"><a href=\"https:\/\/www.facebook.com\/fermedescouleurs\" class=\"wp-block-social-link-anchor\" target=\"_blank\" rel=\"noopener\"><svg width=\"24\" height=\"24\" viewBox=\"0 0 24 24\" version=\"1.1\" xmlns=\"http:\/\/www.w3.org\/2000\/svg\" aria-hidden=\"true\" focusable=\"false\"><path d=\"M12 2C6.5 2 2 6.5 2 12c0 5 3.7 9.1 8.4 9.9v-7H7.9V12h2.5V9.8c0-2.5 1.5-3.9 3.8-3.9 1.1 0 2.2.2 2.2.2v2.5h-1.3c-1.2 0-1.6.8-1.6 1.6V12h2.8l-.4 2.9h-2.3v7C18.3 21.1 22 17 22 12c0-5.5-4.5-10-10-10z\"><\/path><\/svg><span class=\"wp-block-social-link-label screen-reader-text\">Facebook<\/span><\/a><\/li>\n\n<li class=\"wp-social-link wp-social-link-google  wp-block-social-link\"><a href=\"https:\/\/g.page\/r\/CbpTtzIhy8T3EB0\/review\" class=\"wp-block-social-link-anchor\"><svg width=\"24\" height=\"24\" viewBox=\"0 0 24 24\" version=\"1.1\" xmlns=\"http:\/\/www.w3.org\/2000\/svg\" aria-hidden=\"true\" focusable=\"false\"><path d=\"M12.02,10.18v3.72v0.01h5.51c-0.26,1.57-1.67,4.22-5.5,4.22c-3.31,0-6.01-2.75-6.01-6.12s2.7-6.12,6.01-6.12 c1.87,0,3.13,0.8,3.85,1.48l2.84-2.76C16.99,2.99,14.73,2,12.03,2c-5.52,0-10,4.48-10,10s4.48,10,10,10c5.77,0,9.6-4.06,9.6-9.77 c0-0.83-0.11-1.42-0.25-2.05H12.02z\"><\/path><\/svg><span class=\"wp-block-social-link-label screen-reader-text\">Google<\/span><\/a><\/li>\n\n<li class=\"wp-social-link wp-social-link-x  wp-block-social-link\"><a href=\"https:\/\/twitter.com\/fermecouleurs\" class=\"wp-block-social-link-anchor\" target=\"_blank\" rel=\"noopener\"><svg width=\"24\" height=\"24\" viewBox=\"0 0 24 24\" version=\"1.1\" xmlns=\"http:\/\/www.w3.org\/2000\/svg\" aria-hidden=\"true\" focusable=\"false\"><path d=\"M13.982 10.622 20.54 3h-1.554l-5.693 6.618L8.745 3H3.5l6.876 10.007L3.5 21h1.554l6.012-6.989L15.868 21h5.245l-7.131-10.378Zm-2.128 2.474-.697-.997-5.543-7.93H8l4.474 6.4.697.996 5.815 8.318h-2.387l-4.745-6.787Z\" \/><\/svg><span class=\"wp-block-social-link-label screen-reader-text\">X<\/span><\/a><\/li>\n\n<li class=\"wp-social-link wp-social-link-instagram  wp-block-social-link\"><a href=\"https:\/\/www.instagram.com\/fermedescouleurs\/\" class=\"wp-block-social-link-anchor\" target=\"_blank\" rel=\"noopener\"><svg width=\"24\" height=\"24\" viewBox=\"0 0 24 24\" version=\"1.1\" xmlns=\"http:\/\/www.w3.org\/2000\/svg\" aria-hidden=\"true\" focusable=\"false\"><path d=\"M12,4.622c2.403,0,2.688,0.009,3.637,0.052c0.877,0.04,1.354,0.187,1.671,0.31c0.42,0.163,0.72,0.358,1.035,0.673 c0.315,0.315,0.51,0.615,0.673,1.035c0.123,0.317,0.27,0.794,0.31,1.671c0.043,0.949,0.052,1.234,0.052,3.637 s-0.009,2.688-0.052,3.637c-0.04,0.877-0.187,1.354-0.31,1.671c-0.163,0.42-0.358,0.72-0.673,1.035 c-0.315,0.315-0.615,0.51-1.035,0.673c-0.317,0.123-0.794,0.27-1.671,0.31c-0.949,0.043-1.233,0.052-3.637,0.052 s-2.688-0.009-3.637-0.052c-0.877-0.04-1.354-0.187-1.671-0.31c-0.42-0.163-0.72-0.358-1.035-0.673 c-0.315-0.315-0.51-0.615-0.673-1.035c-0.123-0.317-0.27-0.794-0.31-1.671C4.631,14.688,4.622,14.403,4.622,12 s0.009-2.688,0.052-3.637c0.04-0.877,0.187-1.354,0.31-1.671c0.163-0.42,0.358-0.72,0.673-1.035 c0.315-0.315,0.615-0.51,1.035-0.673c0.317-0.123,0.794-0.27,1.671-0.31C9.312,4.631,9.597,4.622,12,4.622 M12,3 C9.556,3,9.249,3.01,8.289,3.054C7.331,3.098,6.677,3.25,6.105,3.472C5.513,3.702,5.011,4.01,4.511,4.511 c-0.5,0.5-0.808,1.002-1.038,1.594C3.25,6.677,3.098,7.331,3.054,8.289C3.01,9.249,3,9.556,3,12c0,2.444,0.01,2.751,0.054,3.711 c0.044,0.958,0.196,1.612,0.418,2.185c0.23,0.592,0.538,1.094,1.038,1.594c0.5,0.5,1.002,0.808,1.594,1.038 c0.572,0.222,1.227,0.375,2.185,0.418C9.249,20.99,9.556,21,12,21s2.751-0.01,3.711-0.054c0.958-0.044,1.612-0.196,2.185-0.418 c0.592-0.23,1.094-0.538,1.594-1.038c0.5-0.5,0.808-1.002,1.038-1.594c0.222-0.572,0.375-1.227,0.418-2.185 C20.99,14.751,21,14.444,21,12s-0.01-2.751-0.054-3.711c-0.044-0.958-0.196-1.612-0.418-2.185c-0.23-0.592-0.538-1.094-1.038-1.594 c-0.5-0.5-1.002-0.808-1.594-1.038c-0.572-0.222-1.227-0.375-2.185-0.418C14.751,3.01,14.444,3,12,3L12,3z M12,7.378 c-2.552,0-4.622,2.069-4.622,4.622S9.448,16.622,12,16.622s4.622-2.069,4.622-4.622S14.552,7.378,12,7.378z M12,15 c-1.657,0-3-1.343-3-3s1.343-3,3-3s3,1.343,3,3S13.657,15,12,15z M16.804,6.116c-0.596,0-1.08,0.484-1.08,1.08 s0.484,1.08,1.08,1.08c0.596,0,1.08-0.484,1.08-1.08S17.401,6.116,16.804,6.116z\"><\/path><\/svg><span class=\"wp-block-social-link-label screen-reader-text\">Instagram<\/span><\/a><\/li><\/ul>\n<\/div>\n\n\n\n<div class=\"wp-block-uagb-container uagb-block-704f1d2a\">\n<div class=\"wp-block-uagb-icon-list uagb-block-538fd439\"><div class=\"uagb-icon-list__wrap\">\n<div class=\"wp-block-uagb-icon-list-child uagb-block-7a3fcf0f\"><a target=\"_self\" aria-label=\"NOS KIOSQUES LIBRE SERVICE\" rel=\"noopener noreferrer\" href=\"#\"> <\/a><span class=\"uagb-icon-list__label\">NUESTROS QUIOSCOS DE AUTOSERVICIO<\/span><\/div>\n\n\n\n<div class=\"wp-block-uagb-icon-list-child uagb-block-2c61b206\"><a target=\"_blank\" aria-label=\"1046 Ch. Fronti\u00e8re, Rivi\u00e8re-Beaudette, J0P 1R0, QC\" rel=\"noopener noreferrer\" href=\"www.fermedescouleurs.com\/contact\/\"> <\/a><span class=\"uagb-icon-list__source-wrap\"><svg xmlns=\"https:\/\/www.w3.org\/2000\/svg\" viewbox=\"0 0 320 512\"><path d=\"M320 144C320 223.5 255.5 288 176 288C96.47 288 32 223.5 32 144C32 64.47 96.47 0 176 0C255.5 0 320 64.47 320 144zM192 64C192 55.16 184.8 48 176 48C122.1 48 80 90.98 80 144C80 152.8 87.16 160 96 160C104.8 160 112 152.8 112 144C112 108.7 140.7 80 176 80C184.8 80 192 72.84 192 64zM144 480V317.1C154.4 319 165.1 319.1 176 319.1C186.9 319.1 197.6 319 208 317.1V480C208 497.7 193.7 512 176 512C158.3 512 144 497.7 144 480z\"><\/path><\/svg><\/span><span class=\"uagb-icon-list__label\">1046 Ch. Fronti\u00e8re, Rivi\u00e8re-Beaudette, J0P 1R0, QC <\/span><\/div>\n\n\n\n<div class=\"wp-block-uagb-icon-list-child uagb-block-8dd50024\"><a target=\"_self\" aria-label=\"3443 3e Rang, St-Justine-de-Newton, J0P 1T1, QC\" rel=\"noopener noreferrer\" href=\"www.fermedescouleurs.com\/contact\/\"> <\/a><span class=\"uagb-icon-list__source-wrap\"><svg xmlns=\"https:\/\/www.w3.org\/2000\/svg\" viewbox=\"0 0 320 512\"><path d=\"M320 144C320 223.5 255.5 288 176 288C96.47 288 32 223.5 32 144C32 64.47 96.47 0 176 0C255.5 0 320 64.47 320 144zM192 64C192 55.16 184.8 48 176 48C122.1 48 80 90.98 80 144C80 152.8 87.16 160 96 160C104.8 160 112 152.8 112 144C112 108.7 140.7 80 176 80C184.8 80 192 72.84 192 64zM144 480V317.1C154.4 319 165.1 319.1 176 319.1C186.9 319.1 197.6 319 208 317.1V480C208 497.7 193.7 512 176 512C158.3 512 144 497.7 144 480z\"><\/path><\/svg><\/span><span class=\"uagb-icon-list__label\">3443 3e Rang, St-Justine-de-Newton, J0P 1T1, QC<\/span><\/div>\n<\/div><\/div>\n<\/div>\n<\/section>\n\n\n\n<div class=\"wp-block-uagb-container uagb-block-2c11bb62\">\n<div class=\"wp-block-uagb-container uagb-block-4bb02dea\">\n<div class=\"wp-block-uagb-info-box uagb-block-09c80fa6 uagb-infobox__content-wrap  uagb-infobox-icon-above-title uagb-infobox-image-valign-top\"><div class=\"uagb-ifb-content\"><div class=\"uagb-ifb-title-wrap\"><div class=\"uagb-ifb-separator\"><\/div><h2 class=\"uagb-ifb-title\">Funcionamiento:<\/h2><\/div><\/div><\/div>\n<\/div>\n\n\n\n<div class=\"wp-block-uagb-container uagb-block-23a3df7e\">\n<div class=\"wp-block-uagb-advanced-heading uagb-block-a3c9656e\"><p class=\"uagb-desc-text\">A partir del 15 de junio de 2024, ac\u00e9rcate a uno de nuestros dos quioscos<\/p><\/div>\n\n\n\n<div class=\"wp-block-uagb-advanced-heading uagb-block-792a68bc\"><p class=\"uagb-desc-text\">Abierto de 9:00 a 21:00 todos los d\u00edas<br\/><br\/><\/p><\/div>\n\n\n\n<p><br\/>Nuestro quiosco de autoservicio se basa en la confianza mutua. Mientras haces tus compras de forma aut\u00f3noma, nosotros estamos en el campo trabajando con esmero para ofrecerte nuestras mejores cosechas. <\/p>\n\n\n\n<p>Ponemos a tu disposici\u00f3n un frigor\u00edfico para garantizar la frescura de los productos. Te animamos a traer tus propias bolsas reutilizables cuando vengas a comprar. <\/p>\n<\/div>\n<\/div>\n\n\n\n<div class=\"wp-block-uagb-container uagb-block-4c5912d0\">\n<div class=\"wp-block-uagb-container uagb-block-0ef47414\">\n<div class=\"wp-block-uagb-info-box uagb-block-ea0aa216 uagb-infobox__content-wrap  uagb-infobox-icon-above-title uagb-infobox-image-valign-top\"><div class=\"uagb-ifb-content\"><div class=\"uagb-ifb-title-wrap\"><div class=\"uagb-ifb-separator\"><\/div><h2 class=\"uagb-ifb-title\">M\u00e9todo de <strong>pago<\/strong>:<\/h2><\/div><\/div><\/div>\n<\/div>\n\n\n\n<div class=\"wp-block-uagb-container uagb-block-282ba837\">\n<div class=\"wp-block-uagb-advanced-heading uagb-block-c59a0242\"><p class=\"uagb-desc-text\">Los precios est\u00e1n claramente indicados. Una vez que hayas hecho tu selecci\u00f3n, puedes simplemente calcular el importe total y elegir tu m\u00e9todo de pago a continuaci\u00f3n: <\/p><\/div>\n\n\n\n<div class=\"wp-block-uagb-advanced-heading uagb-block-6c177ec3\"><p class=\"uagb-desc-text\">En efectivo, en la peque\u00f1a caja met\u00e1lica prevista para ello<\/p><\/div>\n\n\n\n<div class=\"wp-block-uagb-advanced-heading uagb-block-51c1db78\"><p class=\"uagb-desc-text\">Por transferencia Interac con tu tel\u00e9fono al siguiente correo electr\u00f3nico:<\/p><\/div>\n\n\n\n<div class=\"wp-block-uagb-advanced-heading uagb-block-148ed6fd\"><p class=\"uagb-desc-text\"><strong> Correo electr\u00f3nico: caisse@fermedescouleurs.com <\/strong><\/p><\/div>\n\n\n\n<div class=\"wp-block-uagb-advanced-heading uagb-block-4c29861e\"><p class=\"uagb-desc-text\"><strong>Respuesta: Couleurs <\/strong> (Con una \u00abs\u00bb) \u00a1\u00a1\u00a1Gracias!!!<\/p><\/div>\n<\/div>\n<\/div>\n\n\n\n<div class=\"wp-block-uagb-container uagb-block-b5a5875d\">\n<div class=\"wp-block-uagb-container uagb-block-5a4c50e4\">\n<div class=\"wp-block-uagb-info-box uagb-block-d1df89b5 uagb-infobox__content-wrap  uagb-infobox-icon-above-title uagb-infobox-image-valign-top\"><div class=\"uagb-ifb-content\"><div class=\"uagb-ifb-title-wrap\"><div class=\"uagb-ifb-separator\"><\/div><h2 class=\"uagb-ifb-title\"><strong>Medida de higiene<\/strong>:<\/h2><\/div><\/div><\/div>\n<\/div>\n\n\n\n<div class=\"wp-block-uagb-container uagb-block-69b78151\">\n<p>Te agradecemos que te desinfectes bien las manos antes de manipular nuestros productos. Hay un gel desinfectante disponible para ello. Tambi\u00e9n te pedimos que solo toques los productos que tengas intenci\u00f3n de comprar.   <\/p>\n\n\n\n<p>Gracias por tu comprensi\u00f3n y tu colaboraci\u00f3n.<\/p>\n<\/div>\n<\/div>\n\n\n\n<div class=\"wp-block-uagb-image aligncenter uagb-block-49349470 wp-block-uagb-image--layout-default wp-block-uagb-image--effect-static wp-block-uagb-image--align-center\"><figure class=\"wp-block-uagb-image__figure\"><img decoding=\"async\" srcset=\"https:\/\/www.fermedescouleurs.com\/wp-content\/uploads\/2024\/01\/shutterstock_451979431-scaled.jpg ,https:\/\/www.fermedescouleurs.com\/wp-content\/uploads\/2024\/01\/shutterstock_451979431-scaled.jpg 780w, https:\/\/www.fermedescouleurs.com\/wp-content\/uploads\/2024\/01\/shutterstock_451979431-scaled.jpg 360w\" sizes=\"auto, (max-width: 480px) 150px\" src=\"https:\/\/www.fermedescouleurs.com\/wp-content\/uploads\/2024\/01\/shutterstock_451979431-scaled.jpg\" alt=\"\" class=\"uag-image-1439\" width=\"2560\" height=\"1713\" title=\"\" loading=\"lazy\" role=\"img\"><\/figure><\/div>\n<\/div><\/div>\n\n<div class=\"wp-block-uagb-container uagb-block-30587729 alignfull uagb-is-root-container\"><div class=\"uagb-container-inner-blocks-wrap\">\n<div class=\"wp-block-uagb-info-box uagb-block-79dc3eb6 uagb-infobox__content-wrap  uagb-infobox-icon-above-title uagb-infobox-image-valign-top\"><div class=\"uagb-ifb-content\"><div class=\"uagb-ifb-title-wrap\"><div class=\"uagb-ifb-separator\"><\/div><h2 class=\"uagb-ifb-title\">Suscr\u00edbete para disfrutar de nuestras ofertas exclusivas.<\/h2><\/div><p class=\"uagb-ifb-desc\"><br\/>Nos esforzamos por ofrecerte un servicio de calidad, a la vez que te proponemos interesantes ofertas semanales.<\/p><\/div><\/div>\n\n\n\n<div class=\"wp-block-group has-ast-global-color-5-color has-text-color has-link-color has-small-font-size wp-elements-d3e0605db0f81dd8ced4cf410273a1f1 is-layout-constrained wp-block-group-is-layout-constrained\"><style id=\"wpforms-css-vars-1558-block-99d6ec46-6b77-4db0-b803-6e0ee9c4ce6a\">\n\t\t\t\t#wpforms-1558.wpforms-block-99d6ec46-6b77-4db0-b803-6e0ee9c4ce6a {\n\t\t\t\t--wpforms-field-text-color: var(--ast-global-color-5);\n--wpforms-label-color: var(--ast-global-color-5);\n--wpforms-label-sublabel-color: var(--ast-global-color-5);\n--wpforms-field-size-input-height: 31px;\n--wpforms-field-size-input-spacing: 10px;\n--wpforms-field-size-font-size: 14px;\n--wpforms-field-size-line-height: 17px;\n--wpforms-field-size-padding-h: 9px;\n--wpforms-field-size-checkbox-size: 14px;\n--wpforms-field-size-sublabel-spacing: 5px;\n--wpforms-field-size-icon-size: 0.75;\n\t\t\t}\n\t\t\t<\/style><div class=\"wpforms-container wpforms-container-full wpforms-block wpforms-block-99d6ec46-6b77-4db0-b803-6e0ee9c4ce6a wpforms-render-modern\" id=\"wpforms-1558\"><form id=\"wpforms-form-1558\" class=\"wpforms-validate wpforms-form wpforms-ajax-form\" data-formid=\"1558\" method=\"post\" enctype=\"multipart\/form-data\" action=\"\/es\/wp-json\/wp\/v2\/pages\/2809\" data-token=\"355e648bc566d6fc41cc55c8a0b9db89\" data-token-time=\"1776404334\"><noscript class=\"wpforms-error-noscript\">Por favor, activa JavaScript en tu navegador para completar este formulario.<\/noscript><div id=\"wpforms-error-noscript\" style=\"display: none;\">Por favor, activa JavaScript en tu navegador para completar este formulario.<\/div><div class=\"wpforms-field-container\"><div id=\"wpforms-1558-field_1-container\" class=\"wpforms-field wpforms-field-name\" data-field-id=\"1\"><fieldset><legend class=\"wpforms-field-label\">Informaci\u00f3n <span class=\"wpforms-required-label\" aria-hidden=\"true\">*<\/span><\/legend><div class=\"wpforms-field-row wpforms-field-large\"><div class=\"wpforms-field-row-block wpforms-first wpforms-one-half\"><input type=\"text\" id=\"wpforms-1558-field_1\" class=\"wpforms-field-name-first wpforms-field-required\" name=\"wpforms[fields][1][first]\" aria-errormessage=\"wpforms-1558-field_1-error\" required><label for=\"wpforms-1558-field_1\" class=\"wpforms-field-sublabel after\">Nombre<\/label><\/div><div class=\"wpforms-field-row-block wpforms-one-half\"><input type=\"text\" id=\"wpforms-1558-field_1-last\" class=\"wpforms-field-name-last wpforms-field-required\" name=\"wpforms[fields][1][last]\" aria-errormessage=\"wpforms-1558-field_1-last-error\" required><label for=\"wpforms-1558-field_1-last\" class=\"wpforms-field-sublabel after\">Apellidos<\/label><\/div><\/div><\/fieldset><\/div><div id=\"wpforms-1558-field_2-container\" class=\"wpforms-field wpforms-field-email\" data-field-id=\"2\"><label class=\"wpforms-field-label\" for=\"wpforms-1558-field_2\">Correo electr\u00f3nico <span class=\"wpforms-required-label\" aria-hidden=\"true\">*<\/span><\/label><input type=\"email\" id=\"wpforms-1558-field_2\" class=\"wpforms-field-large wpforms-field-required\" name=\"wpforms[fields][2]\" spellcheck=\"false\" aria-errormessage=\"wpforms-1558-field_2-error\" required><\/div><div id=\"wpforms-1558-field_3-container\" class=\"wpforms-field wpforms-field-gdpr-checkbox\" data-field-id=\"3\"><label class=\"wpforms-field-label wpforms-label-hide\" aria-hidden=\"false\">Acuerdo RGPD <span class=\"wpforms-required-label\" aria-hidden=\"true\">*<\/span><\/label><ul id=\"wpforms-1558-field_3\" class=\"wpforms-field-required\"><li class=\"choice-1\"><input type=\"checkbox\" id=\"wpforms-1558-field_3_1\" name=\"wpforms[fields][3][]\" value=\"Doy mi consentimiento para que este sitio guarde la informaci\u00f3n enviada para que puedan responder a mi consulta.\" aria-errormessage=\"wpforms-1558-field_3_1-error\" required ><label class=\"wpforms-field-label-inline\" for=\"wpforms-1558-field_3_1\">Doy mi consentimiento para que este sitio guarde la informaci\u00f3n enviada para que puedan responder a mi consulta. <span class=\"wpforms-required-label\" aria-hidden=\"true\">*<\/span><\/label><\/li><\/ul><\/div><\/div><!-- .wpforms-field-container --><div class=\"wpforms-recaptcha-container wpforms-is-recaptcha wpforms-is-recaptcha-type-v2\" ><div class=\"g-recaptcha\" data-sitekey=\"6LeHygQrAAAAAEjXcFjT849J69DHERaLzJvHrlMS\"><\/div><input type=\"text\" name=\"g-recaptcha-hidden\" class=\"wpforms-recaptcha-hidden\" style=\"position:absolute!important;clip:rect(0,0,0,0)!important;height:1px!important;width:1px!important;border:0!important;overflow:hidden!important;padding:0!important;margin:0!important;\" data-rule-recaptcha=\"1\"><\/div><div class=\"wpforms-submit-container\" ><input type=\"hidden\" name=\"wpforms[id]\" value=\"1558\"><input type=\"hidden\" name=\"page_title\" value=\"\"><input type=\"hidden\" name=\"page_url\" value=\"https:\/\/www.fermedescouleurs.com\/es\/wp-json\/wp\/v2\/pages\/2809\"><input type=\"hidden\" name=\"url_referer\" value=\"\"><button type=\"submit\" name=\"wpforms[submit]\" id=\"wpforms-submit-1558\" class=\"wpforms-submit\" data-alt-text=\"Enviando...\" data-submit-text=\"Enviar\" aria-live=\"assertive\" value=\"wpforms-submit\">Enviar<\/button><img loading=\"lazy\" decoding=\"async\" src=\"https:\/\/www.fermedescouleurs.com\/wp-content\/plugins\/wpforms-lite\/assets\/images\/submit-spin.svg\" class=\"wpforms-submit-spinner\" style=\"display: none;\" width=\"26\" height=\"26\" alt=\"Cargando\"><\/div><\/form><\/div>  <!-- .wpforms-container --><\/div>\n<\/div><\/div>\n","protected":false},"excerpt":{"rendered":"<p>Nos alegra darte la bienvenida a nuestro quiosco de autoservicio en Saint-Justine-de-Newton y en Rivi\u00e8re-Beaudette. Tu confianza en nuestros productos locales y frescos nos inspira cada d\u00eda. S\u00edguenos en Facebook para conocer la disponibilidad de productos en los quioscos. A partir del 15 de junio de 2024, ac\u00e9rcate a uno de nuestros dos quioscos Abierto [&hellip;]<\/p>\n","protected":false},"author":15,"featured_media":0,"parent":2806,"menu_order":1,"comment_status":"closed","ping_status":"closed","template":"","meta":{"_uag_custom_page_level_css":"","site-sidebar-layout":"default","site-content-layout":"plain-container","ast-site-content-layout":"normal-width-container","site-content-style":"unboxed","site-sidebar-style":"unboxed","ast-global-header-display":"","ast-banner-title-visibility":"","ast-main-header-display":"","ast-hfb-above-header-display":"","ast-hfb-below-header-display":"","ast-hfb-mobile-header-display":"","site-post-title":"disabled","ast-breadcrumbs-content":"","ast-featured-img":"","footer-sml-layout":"","ast-disable-related-posts":"","theme-transparent-header-meta":"enabled","adv-header-id-meta":"","stick-header-meta":"","header-above-stick-meta":"","header-main-stick-meta":"","header-below-stick-meta":"","astra-migrate-meta-layouts":"default","ast-page-background-enabled":"default","ast-page-background-meta":{"desktop":{"background-color":"","background-image":"","background-repeat":"repeat","background-position":"center center","background-size":"auto","background-attachment":"scroll","background-type":"","background-media":"","overlay-type":"","overlay-color":"","overlay-opacity":"","overlay-gradient":""},"tablet":{"background-color":"","background-image":"","background-repeat":"repeat","background-position":"center center","background-size":"auto","background-attachment":"scroll","background-type":"","background-media":"","overlay-type":"","overlay-color":"","overlay-opacity":"","overlay-gradient":""},"mobile":{"background-color":"","background-image":"","background-repeat":"repeat","background-position":"center center","background-size":"auto","background-attachment":"scroll","background-type":"","background-media":"","overlay-type":"","overlay-color":"","overlay-opacity":"","overlay-gradient":""}},"ast-content-background-meta":{"desktop":{"background-color":"var(--ast-global-color-5)","background-image":"","background-repeat":"repeat","background-position":"center center","background-size":"auto","background-attachment":"scroll","background-type":"","background-media":"","overlay-type":"","overlay-color":"","overlay-opacity":"","overlay-gradient":""},"tablet":{"background-color":"var(--ast-global-color-5)","background-image":"","background-repeat":"repeat","background-position":"center center","background-size":"auto","background-attachment":"scroll","background-type":"","background-media":"","overlay-type":"","overlay-color":"","overlay-opacity":"","overlay-gradient":""},"mobile":{"background-color":"var(--ast-global-color-5)","background-image":"","background-repeat":"repeat","background-position":"center center","background-size":"auto","background-attachment":"scroll","background-type":"","background-media":"","overlay-type":"","overlay-color":"","overlay-opacity":"","overlay-gradient":""}},"footnotes":""},"class_list":["post-2809","page","type-page","status-publish","hentry"],"uagb_featured_image_src":{"full":false,"thumbnail":false,"medium":false,"medium_large":false,"large":false,"1536x1536":false,"2048x2048":false,"job-image":false,"woocommerce_thumbnail":false,"woocommerce_single":false,"woocommerce_gallery_thumbnail":false,"dgwt-wcas-product-suggestion":false},"uagb_author_info":{"display_name":"Evalnor Solutions","author_link":"https:\/\/www.fermedescouleurs.com\/es\/author\/evalnor\/"},"uagb_comment_info":0,"uagb_excerpt":"Nos alegra darte la bienvenida a nuestro quiosco de autoservicio en Saint-Justine-de-Newton y en Rivi\u00e8re-Beaudette. Tu confianza en nuestros productos locales y frescos nos inspira cada d\u00eda. S\u00edguenos en Facebook para conocer la disponibilidad de productos en los quioscos. A partir del 15 de junio de 2024, ac\u00e9rcate a uno de nuestros dos quioscos Abierto&hellip;","jetpack_sharing_enabled":true,"_links":{"self":[{"href":"https:\/\/www.fermedescouleurs.com\/es\/wp-json\/wp\/v2\/pages\/2809","targetHints":{"allow":["GET"]}}],"collection":[{"href":"https:\/\/www.fermedescouleurs.com\/es\/wp-json\/wp\/v2\/pages"}],"about":[{"href":"https:\/\/www.fermedescouleurs.com\/es\/wp-json\/wp\/v2\/types\/page"}],"author":[{"embeddable":true,"href":"https:\/\/www.fermedescouleurs.com\/es\/wp-json\/wp\/v2\/users\/15"}],"replies":[{"embeddable":true,"href":"https:\/\/www.fermedescouleurs.com\/es\/wp-json\/wp\/v2\/comments?post=2809"}],"version-history":[{"count":2,"href":"https:\/\/www.fermedescouleurs.com\/es\/wp-json\/wp\/v2\/pages\/2809\/revisions"}],"predecessor-version":[{"id":2815,"href":"https:\/\/www.fermedescouleurs.com\/es\/wp-json\/wp\/v2\/pages\/2809\/revisions\/2815"}],"up":[{"embeddable":true,"href":"https:\/\/www.fermedescouleurs.com\/es\/wp-json\/wp\/v2\/pages\/2806"}],"wp:attachment":[{"href":"https:\/\/www.fermedescouleurs.com\/es\/wp-json\/wp\/v2\/media?parent=2809"}],"curies":[{"name":"wp","href":"https:\/\/api.w.org\/{rel}","templated":true}]}}