{"id":2806,"date":"2020-08-19T07:12:36","date_gmt":"2020-08-19T11:12:36","guid":{"rendered":"https:\/\/www.fermedescouleurs.com\/nuestra-granja\/"},"modified":"2026-03-23T00:07:17","modified_gmt":"2026-03-23T04:07:17","slug":"nuestra-granja","status":"publish","type":"page","link":"https:\/\/www.fermedescouleurs.com\/es\/nuestra-granja\/","title":{"rendered":"Nuestra granja"},"content":{"rendered":"\n<div class=\"wp-block-uagb-container uagb-block-2f75c305 alignfull uagb-is-root-container\"><div class=\"uagb-container-inner-blocks-wrap\">\n<div class=\"wp-block-uagb-info-box uagb-block-bada88a3 uagb-infobox__content-wrap  uagb-infobox-icon-above-title uagb-infobox-image-valign-top\"><div class=\"uagb-ifb-content\"><div class=\"uagb-ifb-title-wrap\"><div class=\"uagb-ifb-separator\"><\/div><h1 class=\"uagb-ifb-title\">Nuestra Granja<\/h1><\/div><\/div><\/div>\n\n\n\n<div class=\"wp-block-uagb-advanced-heading uagb-block-b6034324\"><p class=\"uagb-desc-text\">Ubicada en Saint-Justine-de-Newton, nuestra granja de hortalizas implementa m\u00e9todos innovadores para mejorar la calidad de nuestras verduras y frutas, respetando el medio ambiente.<\/p><\/div>\n<\/div><\/div>\n\n<div class=\"wp-block-uagb-container uagb-block-80e06480 alignfull uagb-is-root-container\"><div class=\"uagb-container-inner-blocks-wrap\">\n<div class=\"wp-block-uagb-info-box uagb-block-dac02f5d uagb-infobox__content-wrap  uagb-infobox-icon-above-title uagb-infobox-image-valign-top\"><div class=\"uagb-ifb-content\"><div class=\"uagb-ifb-title-wrap\"><span class=\"uagb-ifb-title-prefix\">Nuestro objetivo principal<\/span><div class=\"uagb-ifb-separator\"><\/div><h2 class=\"uagb-ifb-title\">Ofrecer productos frescos, locales y ecol\u00f3gicos, garant\u00eda de confianza y transparencia.<\/h2><\/div><\/div><\/div>\n\n\n\n<div class=\"wp-block-uagb-container uagb-block-e2c74950\">\n<div class=\"wp-block-uagb-advanced-heading uagb-block-48b25caa\"><p class=\"uagb-desc-text\">Ubicada en la regi\u00f3n de Vaudreuil-Soulanges, m\u00e1s precisamente en Sainte-Justine-de-Newton, en Mont\u00e9r\u00e9gie, nuestra granja se compromete a proporcionar alimentos locales y de calidad cerca de ti.<\/p><\/div>\n\n\n\n<div class=\"wp-block-uagb-advanced-heading uagb-block-6ae7c5ca\"><p class=\"uagb-desc-text\">Servimos las siguientes regiones en Quebec: Vaudreuil-Soulanges, Valleyfield y el oeste de la isla.<\/p><\/div>\n\n\n\n<div class=\"wp-block-uagb-advanced-heading uagb-block-f6eaa56f\"><p class=\"uagb-desc-text\">Servimos las siguientes regiones en Ontario: East Hawkesbury, North Glengarry &amp; South Glengarry (hasta la carretera 34)<\/p><\/div>\n<\/div>\n\n\n\n<div class=\"wp-block-uagb-container uagb-block-4c5912d0\">\n<div class=\"wp-block-uagb-container uagb-block-0ef47414\">\n<div class=\"wp-block-uagb-info-box uagb-block-ea0aa216 uagb-infobox__content-wrap  uagb-infobox-icon-above-title uagb-infobox-image-valign-top\"><div class=\"uagb-ifb-content\"><div class=\"uagb-ifb-title-wrap\"><div class=\"uagb-ifb-separator\"><\/div><h2 class=\"uagb-ifb-title\">Nuestra misi\u00f3n<\/h2><\/div><\/div><\/div>\n<\/div>\n\n\n\n<div class=\"wp-block-uagb-container uagb-block-282ba837\">\n<div class=\"wp-block-uagb-advanced-heading uagb-block-c59a0242\"><p class=\"uagb-desc-text\">En Ferme des Couleurs, nuestra misi\u00f3n es cultivar una abundancia de vida a trav\u00e9s de una agricultura eco-intensiva, respetuosa con el medio ambiente y la comunidad. Nos comprometemos a ofrecer frutas y verduras de la m\u00e1s alta calidad, cultivadas con esmero para preservar la salud del suelo y la vitalidad de los ecosistemas.<br\/><br\/><\/p><\/div>\n<\/div>\n<\/div>\n\n\n\n<div class=\"wp-block-uagb-container uagb-block-f2a7b91a\">\n<div class=\"wp-block-uagb-container uagb-block-23315aec\">\n<div class=\"wp-block-uagb-info-box uagb-block-fe600cd0 uagb-infobox__content-wrap  uagb-infobox-icon-above-title uagb-infobox-image-valign-top\"><div class=\"uagb-ifb-content\"><div class=\"uagb-ifb-title-wrap\"><div class=\"uagb-ifb-separator\"><\/div><h2 class=\"uagb-ifb-title\">Nuestro Objetivo<\/h2><\/div><\/div><\/div>\n<\/div>\n\n\n\n<div class=\"wp-block-uagb-container uagb-block-b850426f\">\n<p>Creemos firmemente en la sostenibilidad ambiental, por eso implementamos pr\u00e1cticas agr\u00edcolas que favorecen la biodiversidad, preservan los recursos naturales y reducen nuestra huella de carbono. Nos esforzamos por crear un equilibrio armonioso entre la agricultura y la naturaleza.<\/p>\n\n\n\n<p>Comprometidos con nuestra comunidad local, apoyamos la econom\u00eda local proporcionando alimentos sanos y coloridos a nuestros vecinos, fortaleciendo as\u00ed los lazos que nos unen.<\/p>\n<\/div>\n<\/div>\n\n\n\n<div class=\"wp-block-uagb-container uagb-block-2c11bb62\">\n<div class=\"wp-block-uagb-container uagb-block-4bb02dea\">\n<div class=\"wp-block-uagb-info-box uagb-block-09c80fa6 uagb-infobox__content-wrap  uagb-infobox-icon-above-title uagb-infobox-image-valign-top\"><div class=\"uagb-ifb-content\"><div class=\"uagb-ifb-title-wrap\"><div class=\"uagb-ifb-separator\"><\/div><h2 class=\"uagb-ifb-title\">Nuestra visi\u00f3n<\/h2><\/div><\/div><\/div>\n<\/div>\n\n\n\n<div class=\"wp-block-uagb-container uagb-block-23a3df7e\">\n<div class=\"wp-block-uagb-advanced-heading uagb-block-a3c9656e\"><p class=\"uagb-desc-text\">A trav\u00e9s de estos compromisos, aspiramos a ser un modelo de empresa pr\u00f3spera, guiada por valores de respeto, integridad y responsabilidad hacia la tierra y la comunidad. Ferme des Couleurs es m\u00e1s que una simple empresa agr\u00edcola; es una expresi\u00f3n de nuestro compromiso con un futuro sostenible y pr\u00f3spero para todos.<\/p><\/div>\n<\/div>\n<\/div>\n\n\n\n<div class=\"wp-block-uagb-image uagb-block-49349470 wp-block-uagb-image--layout-default wp-block-uagb-image--effect-static wp-block-uagb-image--align-none\"><figure class=\"wp-block-uagb-image__figure\"><img decoding=\"async\" srcset=\"https:\/\/www.fermedescouleurs.com\/wp-content\/uploads\/2020\/08\/horticulturist-seeding-plants.jpg\n \" sizes=\"auto, (max-width: 480px) 150px\" src=\"https:\/\/www.fermedescouleurs.com\/wp-content\/uploads\/2020\/08\/horticulturist-seeding-plants.jpg\" alt=\"\" class=\"uag-image-96\" width=\"1200\" height=\"640\" title=\"\" loading=\"lazy\" role=\"img\"><\/figure><\/div>\n<\/div><\/div>\n\n<div class=\"wp-block-uagb-container uagb-block-3a6f29a2 alignfull uagb-is-root-container\"><div class=\"uagb-container-inner-blocks-wrap\">\n<div class=\"wp-block-uagb-advanced-heading uagb-block-2eb52279\"><h2 class=\"uagb-heading-text\">Un equipo familiar<\/h2><\/div>\n\n\n\n<div class=\"wp-block-uagb-container uagb-block-58785dec\">\n<div class=\"wp-block-uagb-team uagb-team__image-position-above uagb-team__align-center uagb-team__stack-tablet uagb-block-26e4fefd\"><div class=\"uagb-team__content\"><img decoding=\"async\" class=\"uagb-team__image-crop-circle\" src=\"https:\/\/www.fermedescouleurs.com\/wp-content\/uploads\/2023\/12\/logo6.jpg\" alt=\"\" height=\"350\" width=\"350\" loading=\"lazy\"\/><h3 class=\"uagb-team__title\">Carolane<\/h3><span class=\"uagb-team__prefix\">Horticultora y Presidenta<\/span><p class=\"uagb-team__desc\">Nuestra presidenta, como una loba atenta a su manada, vela con dedicaci\u00f3n por nuestra peque\u00f1a empresa de hortalizas, buscando siempre hacer brillar la sonrisa y la satisfacci\u00f3n en los rostros de nuestros clientes.<\/p><\/div><\/div>\n\n\n\n<div class=\"wp-block-uagb-team uagb-team__image-position-above uagb-team__align-center uagb-team__stack-tablet uagb-block-fcc186b4\"><div class=\"uagb-team__content\"><img decoding=\"async\" class=\"uagb-team__image-crop-circle\" src=\"https:\/\/www.fermedescouleurs.com\/wp-content\/uploads\/2023\/12\/logo6.jpg\" alt=\"\" height=\"350\" width=\"350\" loading=\"lazy\"\/><h3 class=\"uagb-team__title\">Jonathan<\/h3><span class=\"uagb-team__prefix\">Horticultor y Controlador financiero<\/span><p class=\"uagb-team__desc\">Aqu\u00ed est\u00e1 nuestro controlador y horticultor, un artesano de la tierra y las finanzas que, con una c\u00e1lida sonrisa, vela por el equilibrio armonioso entre los n\u00fameros y las cosechas, con el objetivo de hacer florecer nuestra granja y nuestra comunidad.<\/p><\/div><\/div>\n\n\n\n<div class=\"wp-block-uagb-team uagb-team__image-position-above uagb-team__align-center uagb-team__stack-tablet uagb-block-be024991\"><div class=\"uagb-team__content\"><img decoding=\"async\" class=\"uagb-team__image-crop-circle\" src=\"https:\/\/www.fermedescouleurs.com\/wp-content\/uploads\/2023\/12\/logo6.jpg\" alt=\"\" height=\"350\" width=\"350\" loading=\"lazy\"\/><h3 class=\"uagb-team__title\">\u00a1Pr\u00f3ximamente!<\/h3><span class=\"uagb-team__prefix\">Manitas<\/span><p class=\"uagb-team__desc\"><\/p><\/div><\/div>\n<\/div>\n<\/div><\/div>\n\n<div class=\"wp-block-uagb-container uagb-block-30587729 alignfull uagb-is-root-container\"><div class=\"uagb-container-inner-blocks-wrap\">\n<div class=\"wp-block-uagb-info-box uagb-block-79dc3eb6 uagb-infobox__content-wrap  uagb-infobox-icon-above-title uagb-infobox-image-valign-top\"><div class=\"uagb-ifb-content\"><div class=\"uagb-ifb-title-wrap\"><div class=\"uagb-ifb-separator\"><\/div><h2 class=\"uagb-ifb-title\">Suscr\u00edbete para disfrutar de nuestras ofertas exclusivas.<\/h2><\/div><p class=\"uagb-ifb-desc\"><br\/>Nos esforzamos por ofrecerte un servicio de calidad, al mismo tiempo que te proponemos interesantes ofertas semanales.<\/p><\/div><\/div>\n\n\n\n<div class=\"wp-block-group has-ast-global-color-5-color has-text-color has-link-color has-small-font-size wp-elements-894959dcf65b197e2aed94d076df6084 is-layout-constrained wp-block-group-is-layout-constrained\"><style id=\"wpforms-css-vars-1558-block-99d6ec46-6b77-4db0-b803-6e0ee9c4ce6a\">\n\t\t\t\t#wpforms-1558.wpforms-block-99d6ec46-6b77-4db0-b803-6e0ee9c4ce6a {\n\t\t\t\t--wpforms-label-color: var(--ast-global-color-5);\n--wpforms-label-sublabel-color: var(--ast-global-color-5);\n--wpforms-field-text-color: var(--ast-global-color-5);\n--wpforms-button-background-color: var(--ast-global-color-0);\n--wpforms-field-size-input-height: 31px;\n--wpforms-field-size-input-spacing: 10px;\n--wpforms-field-size-font-size: 14px;\n--wpforms-field-size-line-height: 17px;\n--wpforms-field-size-padding-h: 9px;\n--wpforms-field-size-checkbox-size: 14px;\n--wpforms-field-size-sublabel-spacing: 5px;\n--wpforms-field-size-icon-size: 0.75;\n--wpforms-label-size-font-size: 16px;\n--wpforms-label-size-line-height: 19px;\n--wpforms-label-size-sublabel-font-size: 14px;\n--wpforms-label-size-sublabel-line-height: 17px;\n--wpforms-button-size-font-size: 17px;\n--wpforms-button-size-height: 41px;\n--wpforms-button-size-padding-h: 15px;\n--wpforms-button-size-margin-top: 10px;\n\t\t\t}\n\t\t\t<\/style><div class=\"wpforms-container wpforms-container-full wpforms-block wpforms-block-99d6ec46-6b77-4db0-b803-6e0ee9c4ce6a wpforms-render-modern\" id=\"wpforms-1558\"><form id=\"wpforms-form-1558\" class=\"wpforms-validate wpforms-form wpforms-ajax-form\" data-formid=\"1558\" method=\"post\" enctype=\"multipart\/form-data\" action=\"\/es\/wp-json\/wp\/v2\/pages\/2806\" data-token=\"355e648bc566d6fc41cc55c8a0b9db89\" data-token-time=\"1776412303\"><noscript class=\"wpforms-error-noscript\">Por favor, activa JavaScript en tu navegador para completar este formulario.<\/noscript><div id=\"wpforms-error-noscript\" style=\"display: none;\">Por favor, activa JavaScript en tu navegador para completar este formulario.<\/div><div class=\"wpforms-field-container\"><div id=\"wpforms-1558-field_1-container\" class=\"wpforms-field wpforms-field-name\" data-field-id=\"1\"><fieldset><legend class=\"wpforms-field-label\">Informaci\u00f3n <span class=\"wpforms-required-label\" aria-hidden=\"true\">*<\/span><\/legend><div class=\"wpforms-field-row wpforms-field-large\"><div class=\"wpforms-field-row-block wpforms-first wpforms-one-half\"><input type=\"text\" id=\"wpforms-1558-field_1\" class=\"wpforms-field-name-first wpforms-field-required\" name=\"wpforms[fields][1][first]\" aria-errormessage=\"wpforms-1558-field_1-error\" required><label for=\"wpforms-1558-field_1\" class=\"wpforms-field-sublabel after\">Nombre<\/label><\/div><div class=\"wpforms-field-row-block wpforms-one-half\"><input type=\"text\" id=\"wpforms-1558-field_1-last\" class=\"wpforms-field-name-last wpforms-field-required\" name=\"wpforms[fields][1][last]\" aria-errormessage=\"wpforms-1558-field_1-last-error\" required><label for=\"wpforms-1558-field_1-last\" class=\"wpforms-field-sublabel after\">Apellidos<\/label><\/div><\/div><\/fieldset><\/div><div id=\"wpforms-1558-field_2-container\" class=\"wpforms-field wpforms-field-email\" data-field-id=\"2\"><label class=\"wpforms-field-label\" for=\"wpforms-1558-field_2\">Correo electr\u00f3nico <span class=\"wpforms-required-label\" aria-hidden=\"true\">*<\/span><\/label><input type=\"email\" id=\"wpforms-1558-field_2\" class=\"wpforms-field-large wpforms-field-required\" name=\"wpforms[fields][2]\" spellcheck=\"false\" aria-errormessage=\"wpforms-1558-field_2-error\" required><\/div><div id=\"wpforms-1558-field_3-container\" class=\"wpforms-field wpforms-field-gdpr-checkbox\" data-field-id=\"3\"><label class=\"wpforms-field-label wpforms-label-hide\" aria-hidden=\"false\">Acuerdo RGPD <span class=\"wpforms-required-label\" aria-hidden=\"true\">*<\/span><\/label><ul id=\"wpforms-1558-field_3\" class=\"wpforms-field-required\"><li class=\"choice-1\"><input type=\"checkbox\" id=\"wpforms-1558-field_3_1\" name=\"wpforms[fields][3][]\" value=\"Doy mi consentimiento para que este sitio guarde la informaci\u00f3n enviada para que puedan responder a mi consulta.\" aria-errormessage=\"wpforms-1558-field_3_1-error\" required ><label class=\"wpforms-field-label-inline\" for=\"wpforms-1558-field_3_1\">Doy mi consentimiento para que este sitio guarde la informaci\u00f3n enviada para que puedan responder a mi consulta. <span class=\"wpforms-required-label\" aria-hidden=\"true\">*<\/span><\/label><\/li><\/ul><\/div><\/div><!-- .wpforms-field-container --><div class=\"wpforms-recaptcha-container wpforms-is-recaptcha wpforms-is-recaptcha-type-v2\" ><div class=\"g-recaptcha\" data-sitekey=\"6LeHygQrAAAAAEjXcFjT849J69DHERaLzJvHrlMS\"><\/div><input type=\"text\" name=\"g-recaptcha-hidden\" class=\"wpforms-recaptcha-hidden\" style=\"position:absolute!important;clip:rect(0,0,0,0)!important;height:1px!important;width:1px!important;border:0!important;overflow:hidden!important;padding:0!important;margin:0!important;\" data-rule-recaptcha=\"1\"><\/div><div class=\"wpforms-submit-container\" ><input type=\"hidden\" name=\"wpforms[id]\" value=\"1558\"><input type=\"hidden\" name=\"page_title\" value=\"\"><input type=\"hidden\" name=\"page_url\" value=\"https:\/\/www.fermedescouleurs.com\/es\/wp-json\/wp\/v2\/pages\/2806\"><input type=\"hidden\" name=\"url_referer\" value=\"\"><button type=\"submit\" name=\"wpforms[submit]\" id=\"wpforms-submit-1558\" class=\"wpforms-submit\" data-alt-text=\"Enviando...\" data-submit-text=\"Enviar\" aria-live=\"assertive\" value=\"wpforms-submit\">Enviar<\/button><img loading=\"lazy\" decoding=\"async\" src=\"https:\/\/www.fermedescouleurs.com\/wp-content\/plugins\/wpforms-lite\/assets\/images\/submit-spin.svg\" class=\"wpforms-submit-spinner\" style=\"display: none;\" width=\"26\" height=\"26\" alt=\"Cargando\"><\/div><\/form><\/div>  <!-- .wpforms-container --><\/div>\n<\/div><\/div>\n\n<p><\/p>\n","protected":false},"excerpt":{"rendered":"<p>Ubicada en Saint-Justine-de-Newton, nuestra granja de hortalizas implementa m\u00e9todos innovadores para mejorar la calidad de nuestras verduras y frutas, respetando el medio ambiente. Ubicada en la regi\u00f3n de Vaudreuil-Soulanges, m\u00e1s precisamente en Sainte-Justine-de-Newton, en Mont\u00e9r\u00e9gie, nuestra granja se compromete a proporcionar alimentos locales y de calidad cerca de ti. Servimos las siguientes regiones en Quebec: [&hellip;]<\/p>\n","protected":false},"author":15,"featured_media":0,"parent":0,"menu_order":0,"comment_status":"closed","ping_status":"closed","template":"","meta":{"_uag_custom_page_level_css":"","site-sidebar-layout":"default","site-content-layout":"plain-container","ast-site-content-layout":"normal-width-container","site-content-style":"unboxed","site-sidebar-style":"unboxed","ast-global-header-display":"","ast-banner-title-visibility":"","ast-main-header-display":"","ast-hfb-above-header-display":"","ast-hfb-below-header-display":"","ast-hfb-mobile-header-display":"","site-post-title":"disabled","ast-breadcrumbs-content":"","ast-featured-img":"","footer-sml-layout":"","ast-disable-related-posts":"","theme-transparent-header-meta":"enabled","adv-header-id-meta":"","stick-header-meta":"","header-above-stick-meta":"","header-main-stick-meta":"","header-below-stick-meta":"","astra-migrate-meta-layouts":"default","ast-page-background-enabled":"default","ast-page-background-meta":{"desktop":{"background-color":"","background-image":"","background-repeat":"repeat","background-position":"center center","background-size":"auto","background-attachment":"scroll","background-type":"","background-media":"","overlay-type":"","overlay-color":"","overlay-opacity":"","overlay-gradient":""},"tablet":{"background-color":"","background-image":"","background-repeat":"repeat","background-position":"center center","background-size":"auto","background-attachment":"scroll","background-type":"","background-media":"","overlay-type":"","overlay-color":"","overlay-opacity":"","overlay-gradient":""},"mobile":{"background-color":"","background-image":"","background-repeat":"repeat","background-position":"center center","background-size":"auto","background-attachment":"scroll","background-type":"","background-media":"","overlay-type":"","overlay-color":"","overlay-opacity":"","overlay-gradient":""}},"ast-content-background-meta":{"desktop":{"background-color":"var(--ast-global-color-5)","background-image":"","background-repeat":"repeat","background-position":"center center","background-size":"auto","background-attachment":"scroll","background-type":"","background-media":"","overlay-type":"","overlay-color":"","overlay-opacity":"","overlay-gradient":""},"tablet":{"background-color":"var(--ast-global-color-5)","background-image":"","background-repeat":"repeat","background-position":"center center","background-size":"auto","background-attachment":"scroll","background-type":"","background-media":"","overlay-type":"","overlay-color":"","overlay-opacity":"","overlay-gradient":""},"mobile":{"background-color":"var(--ast-global-color-5)","background-image":"","background-repeat":"repeat","background-position":"center center","background-size":"auto","background-attachment":"scroll","background-type":"","background-media":"","overlay-type":"","overlay-color":"","overlay-opacity":"","overlay-gradient":""}},"footnotes":""},"class_list":["post-2806","page","type-page","status-publish","hentry"],"uagb_featured_image_src":{"full":false,"thumbnail":false,"medium":false,"medium_large":false,"large":false,"1536x1536":false,"2048x2048":false,"job-image":false,"woocommerce_thumbnail":false,"woocommerce_single":false,"woocommerce_gallery_thumbnail":false,"dgwt-wcas-product-suggestion":false},"uagb_author_info":{"display_name":"Evalnor Solutions","author_link":"https:\/\/www.fermedescouleurs.com\/es\/author\/evalnor\/"},"uagb_comment_info":0,"uagb_excerpt":"Ubicada en Saint-Justine-de-Newton, nuestra granja de hortalizas implementa m\u00e9todos innovadores para mejorar la calidad de nuestras verduras y frutas, respetando el medio ambiente. Ubicada en la regi\u00f3n de Vaudreuil-Soulanges, m\u00e1s precisamente en Sainte-Justine-de-Newton, en Mont\u00e9r\u00e9gie, nuestra granja se compromete a proporcionar alimentos locales y de calidad cerca de ti. Servimos las siguientes regiones en Quebec:&hellip;","jetpack_sharing_enabled":true,"_links":{"self":[{"href":"https:\/\/www.fermedescouleurs.com\/es\/wp-json\/wp\/v2\/pages\/2806","targetHints":{"allow":["GET"]}}],"collection":[{"href":"https:\/\/www.fermedescouleurs.com\/es\/wp-json\/wp\/v2\/pages"}],"about":[{"href":"https:\/\/www.fermedescouleurs.com\/es\/wp-json\/wp\/v2\/types\/page"}],"author":[{"embeddable":true,"href":"https:\/\/www.fermedescouleurs.com\/es\/wp-json\/wp\/v2\/users\/15"}],"replies":[{"embeddable":true,"href":"https:\/\/www.fermedescouleurs.com\/es\/wp-json\/wp\/v2\/comments?post=2806"}],"version-history":[{"count":2,"href":"https:\/\/www.fermedescouleurs.com\/es\/wp-json\/wp\/v2\/pages\/2806\/revisions"}],"predecessor-version":[{"id":2821,"href":"https:\/\/www.fermedescouleurs.com\/es\/wp-json\/wp\/v2\/pages\/2806\/revisions\/2821"}],"wp:attachment":[{"href":"https:\/\/www.fermedescouleurs.com\/es\/wp-json\/wp\/v2\/media?parent=2806"}],"curies":[{"name":"wp","href":"https:\/\/api.w.org\/{rel}","templated":true}]}}