{"id":2791,"date":"2024-01-06T23:06:10","date_gmt":"2024-01-07T04:06:10","guid":{"rendered":"https:\/\/www.fermedescouleurs.com\/taller-participativo-y-educativo\/"},"modified":"2026-03-23T00:07:17","modified_gmt":"2026-03-23T04:07:17","slug":"taller-participativo-y-educativo","status":"publish","type":"page","link":"https:\/\/www.fermedescouleurs.com\/es\/taller-participativo-y-educativo\/","title":{"rendered":"Taller participativo y educativo"},"content":{"rendered":"\n<div class=\"wp-block-uagb-container uagb-block-2f75c305 alignfull uagb-is-root-container\"><div class=\"uagb-container-inner-blocks-wrap\">\n<div class=\"wp-block-uagb-info-box uagb-block-bada88a3 uagb-infobox__content-wrap  uagb-infobox-icon-above-title uagb-infobox-image-valign-top\"><div class=\"uagb-ifb-content\"><div class=\"uagb-ifb-title-wrap\"><div class=\"uagb-ifb-separator\"><\/div><h1 class=\"uagb-ifb-title\">Taller<\/h1><\/div><\/div><\/div>\n<\/div><\/div>\n\n<div class=\"wp-block-uagb-container uagb-block-80e06480 alignfull uagb-is-root-container\"><div class=\"uagb-container-inner-blocks-wrap\">\n<div class=\"wp-block-uagb-info-box uagb-block-dac02f5d uagb-infobox__content-wrap  uagb-infobox-icon-above-title uagb-infobox-image-valign-top\"><div class=\"uagb-ifb-content\"><div class=\"uagb-ifb-title-wrap\"><span class=\"uagb-ifb-title-prefix\">Transmitiros nuestro saber hacer<\/span><div class=\"uagb-ifb-separator\"><\/div><h2 class=\"uagb-ifb-title\">Taller educativo y participativo<\/h2><\/div><\/div><\/div>\n\n\n\n<div class=\"wp-block-uagb-container uagb-block-e2c74950\">\n<div class=\"wp-block-uagb-advanced-heading uagb-block-48b25caa\"><p class=\"uagb-desc-text\">En la granja, nos apasiona nuestro trabajo y queremos compartir esta pasi\u00f3n con los habitantes de nuestra regi\u00f3n. Os invitamos a venir con vuestros hijos y adolescentes para descubrir algunos aspectos de nuestra labor a trav\u00e9s de talleres educativos y participativos. \u00a1No dud\u00e9is en visitarnos!  <\/p><\/div>\n<\/div>\n\n\n\n<div class=\"wp-block-uagb-buttons uagb-buttons__outer-wrap uagb-btn__default-btn uagb-btn-tablet__default-btn uagb-btn-mobile__default-btn uagb-block-7439b264\"><div class=\"uagb-buttons__wrap uagb-buttons-layout-wrap \">\n<div class=\"wp-block-uagb-buttons-child uagb-buttons__outer-wrap uagb-block-c2dc5859 wp-block-button\"><div class=\"uagb-button__wrapper\"><a class=\"uagb-buttons-repeater wp-block-button__link\" aria-label=\"\" href=\"#\" rel=\"follow noopener\" target=\"_self\" role=\"button\"><div class=\"uagb-button__link\">Contacta con nosotros<\/div><\/a><\/div><\/div>\n<\/div><\/div>\n\n\n\n<div class=\"wp-block-uagb-container uagb-block-2c11bb62\">\n<div class=\"wp-block-uagb-container uagb-block-4bb02dea\">\n<div class=\"wp-block-uagb-info-box uagb-block-09c80fa6 uagb-infobox__content-wrap  uagb-infobox-icon-above-title uagb-infobox-image-valign-top\"><div class=\"uagb-ifb-content\"><div class=\"uagb-ifb-title-wrap\"><div class=\"uagb-ifb-separator\"><\/div><h3 class=\"uagb-ifb-title\">A la vez educativo<\/h3><\/div><\/div><\/div>\n<\/div>\n\n\n\n<div class=\"wp-block-uagb-container uagb-block-23a3df7e\">\n<p><strong>Educaci\u00f3n ambiental<\/strong>: Al explorar una granja ecol\u00f3gica, los visitantes pueden adquirir una comprensi\u00f3n m\u00e1s profunda de los v\u00ednculos entre la agricultura, el medio ambiente y la sostenibilidad. Esto puede animarles a adoptar pr\u00e1cticas m\u00e1s sostenibles en su propia vida diaria. <\/p>\n\n\n\n<p><strong>Biodiversidad<\/strong>: Las granjas ecol\u00f3gicas fomentan la biodiversidad cultivando una gran variedad de cultivos y acogiendo una diversidad de insectos beneficiosos, aves y otros animales. Los visitantes pueden aprender sobre la importancia de la biodiversidad para la salud de los ecosistemas y los cultivos. <\/p>\n<\/div>\n<\/div>\n\n\n\n<div class=\"wp-block-uagb-container uagb-block-4c5912d0\">\n<div class=\"wp-block-uagb-container uagb-block-0ef47414\">\n<div class=\"wp-block-uagb-info-box uagb-block-ea0aa216 uagb-infobox__content-wrap  uagb-infobox-icon-above-title uagb-infobox-image-valign-top\"><div class=\"uagb-ifb-content\"><div class=\"uagb-ifb-title-wrap\"><div class=\"uagb-ifb-separator\"><\/div><h3 class=\"uagb-ifb-title\">A la vez participativo<\/h3><\/div><\/div><\/div>\n<\/div>\n\n\n\n<div class=\"wp-block-uagb-container uagb-block-282ba837\">\n<div class=\"wp-block-uagb-advanced-heading uagb-block-c59a0242\"><p class=\"uagb-desc-text\"><strong>Educaci\u00f3n ambiental<\/strong>: Al participar en una granja ecol\u00f3gica, los visitantes pueden adquirir una comprensi\u00f3n m\u00e1s profunda de los v\u00ednculos entre la agricultura, el medio ambiente y la sostenibilidad. Esto puede animarles a adoptar pr\u00e1cticas m\u00e1s sostenibles en su propia vida diaria. <\/p><\/div>\n\n\n\n<p><strong>Nutrici\u00f3n y alimentaci\u00f3n<\/strong>: Las granjas ecol\u00f3gicas suelen producir alimentos sanos y nutritivos. Los visitantes y participantes pueden aprender sobre el cultivo de verduras, frutas y cereales, as\u00ed como sobre la importancia de una alimentaci\u00f3n equilibrada y del consumo de alimentos locales y ecol\u00f3gicos. <\/p>\n<\/div>\n<\/div>\n\n\n\n<div class=\"wp-block-uagb-image uagb-block-49349470 wp-block-uagb-image--layout-default wp-block-uagb-image--effect-static wp-block-uagb-image--align-none\"><figure class=\"wp-block-uagb-image__figure\"><img decoding=\"async\" srcset=\"https:\/\/www.fermedescouleurs.com\/wp-content\/uploads\/2020\/08\/horticulturist-seeding-plants.jpg\n \" sizes=\"auto, (max-width: 480px) 150px\" src=\"https:\/\/www.fermedescouleurs.com\/wp-content\/uploads\/2020\/08\/horticulturist-seeding-plants.jpg\" alt=\"\" class=\"uag-image-96\" width=\"1200\" height=\"640\" title=\"\" loading=\"lazy\" role=\"img\"><\/figure><\/div>\n<\/div><\/div>\n\n<div class=\"wp-block-uagb-container uagb-block-30587729 alignfull uagb-is-root-container\"><div class=\"uagb-container-inner-blocks-wrap\">\n<div class=\"wp-block-uagb-info-box uagb-block-79dc3eb6 uagb-infobox__content-wrap  uagb-infobox-icon-above-title uagb-infobox-image-valign-top\"><div class=\"uagb-ifb-content\"><div class=\"uagb-ifb-title-wrap\"><div class=\"uagb-ifb-separator\"><\/div><h2 class=\"uagb-ifb-title\">Suscr\u00edbete para disfrutar de nuestras ofertas exclusivas.<\/h2><\/div><p class=\"uagb-ifb-desc\"><br\/>Nos esforzamos por ofrecerte un servicio de calidad y, al mismo tiempo, proponerte ofertas semanales interesantes.<\/p><\/div><\/div>\n\n\n\n<div class=\"wp-block-group has-ast-global-color-5-color has-text-color has-link-color has-small-font-size wp-elements-0e3108bee42ccb7923de86fc56e3baa5 is-layout-constrained wp-block-group-is-layout-constrained\"><style id=\"wpforms-css-vars-1558-block-99d6ec46-6b77-4db0-b803-6e0ee9c4ce6a\">\n\t\t\t\t#wpforms-1558.wpforms-block-99d6ec46-6b77-4db0-b803-6e0ee9c4ce6a {\n\t\t\t\t--wpforms-field-size-input-height: 43px;\n--wpforms-field-size-input-spacing: 15px;\n--wpforms-field-size-font-size: 16px;\n--wpforms-field-size-line-height: 19px;\n--wpforms-field-size-padding-h: 14px;\n--wpforms-field-size-checkbox-size: 16px;\n--wpforms-field-size-sublabel-spacing: 5px;\n--wpforms-field-size-icon-size: 1;\n--wpforms-label-size-font-size: 16px;\n--wpforms-label-size-line-height: 19px;\n--wpforms-label-size-sublabel-font-size: 14px;\n--wpforms-label-size-sublabel-line-height: 17px;\n--wpforms-button-size-font-size: 17px;\n--wpforms-button-size-height: 41px;\n--wpforms-button-size-padding-h: 15px;\n--wpforms-button-size-margin-top: 10px;\n\t\t\t}\n\t\t\t<\/style><div class=\"wpforms-container wpforms-container-full wpforms-block wpforms-block-99d6ec46-6b77-4db0-b803-6e0ee9c4ce6a wpforms-render-modern\" id=\"wpforms-1558\"><form id=\"wpforms-form-1558\" class=\"wpforms-validate wpforms-form wpforms-ajax-form\" data-formid=\"1558\" method=\"post\" enctype=\"multipart\/form-data\" action=\"\/es\/wp-json\/wp\/v2\/pages\/2791\" data-token=\"355e648bc566d6fc41cc55c8a0b9db89\" data-token-time=\"1776412303\"><noscript class=\"wpforms-error-noscript\">Por favor, activa JavaScript en tu navegador para completar este formulario.<\/noscript><div id=\"wpforms-error-noscript\" style=\"display: none;\">Por favor, activa JavaScript en tu navegador para completar este formulario.<\/div><div class=\"wpforms-field-container\"><div id=\"wpforms-1558-field_1-container\" class=\"wpforms-field wpforms-field-name\" data-field-id=\"1\"><fieldset><legend class=\"wpforms-field-label\">Informaci\u00f3n <span class=\"wpforms-required-label\" aria-hidden=\"true\">*<\/span><\/legend><div class=\"wpforms-field-row wpforms-field-large\"><div class=\"wpforms-field-row-block wpforms-first wpforms-one-half\"><input type=\"text\" id=\"wpforms-1558-field_1\" class=\"wpforms-field-name-first wpforms-field-required\" name=\"wpforms[fields][1][first]\" aria-errormessage=\"wpforms-1558-field_1-error\" required><label for=\"wpforms-1558-field_1\" class=\"wpforms-field-sublabel after\">Nombre<\/label><\/div><div class=\"wpforms-field-row-block wpforms-one-half\"><input type=\"text\" id=\"wpforms-1558-field_1-last\" class=\"wpforms-field-name-last wpforms-field-required\" name=\"wpforms[fields][1][last]\" aria-errormessage=\"wpforms-1558-field_1-last-error\" required><label for=\"wpforms-1558-field_1-last\" class=\"wpforms-field-sublabel after\">Apellidos<\/label><\/div><\/div><\/fieldset><\/div><div id=\"wpforms-1558-field_2-container\" class=\"wpforms-field wpforms-field-email\" data-field-id=\"2\"><label class=\"wpforms-field-label\" for=\"wpforms-1558-field_2\">Correo electr\u00f3nico <span class=\"wpforms-required-label\" aria-hidden=\"true\">*<\/span><\/label><input type=\"email\" id=\"wpforms-1558-field_2\" class=\"wpforms-field-large wpforms-field-required\" name=\"wpforms[fields][2]\" spellcheck=\"false\" aria-errormessage=\"wpforms-1558-field_2-error\" required><\/div><div id=\"wpforms-1558-field_3-container\" class=\"wpforms-field wpforms-field-gdpr-checkbox\" data-field-id=\"3\"><label class=\"wpforms-field-label wpforms-label-hide\" aria-hidden=\"false\">Acuerdo RGPD <span class=\"wpforms-required-label\" aria-hidden=\"true\">*<\/span><\/label><ul id=\"wpforms-1558-field_3\" class=\"wpforms-field-required\"><li class=\"choice-1\"><input type=\"checkbox\" id=\"wpforms-1558-field_3_1\" name=\"wpforms[fields][3][]\" value=\"Doy mi consentimiento para que este sitio guarde la informaci\u00f3n enviada para que puedan responder a mi consulta.\" aria-errormessage=\"wpforms-1558-field_3_1-error\" required ><label class=\"wpforms-field-label-inline\" for=\"wpforms-1558-field_3_1\">Doy mi consentimiento para que este sitio guarde la informaci\u00f3n enviada para que puedan responder a mi consulta. <span class=\"wpforms-required-label\" aria-hidden=\"true\">*<\/span><\/label><\/li><\/ul><\/div><\/div><!-- .wpforms-field-container --><div class=\"wpforms-recaptcha-container wpforms-is-recaptcha wpforms-is-recaptcha-type-v2\" ><div class=\"g-recaptcha\" data-sitekey=\"6LeHygQrAAAAAEjXcFjT849J69DHERaLzJvHrlMS\"><\/div><input type=\"text\" name=\"g-recaptcha-hidden\" class=\"wpforms-recaptcha-hidden\" style=\"position:absolute!important;clip:rect(0,0,0,0)!important;height:1px!important;width:1px!important;border:0!important;overflow:hidden!important;padding:0!important;margin:0!important;\" data-rule-recaptcha=\"1\"><\/div><div class=\"wpforms-submit-container\" ><input type=\"hidden\" name=\"wpforms[id]\" value=\"1558\"><input type=\"hidden\" name=\"page_title\" value=\"\"><input type=\"hidden\" name=\"page_url\" value=\"https:\/\/www.fermedescouleurs.com\/es\/wp-json\/wp\/v2\/pages\/2791\"><input type=\"hidden\" name=\"url_referer\" value=\"\"><button type=\"submit\" name=\"wpforms[submit]\" id=\"wpforms-submit-1558\" class=\"wpforms-submit\" data-alt-text=\"Enviando...\" data-submit-text=\"Enviar\" aria-live=\"assertive\" value=\"wpforms-submit\">Enviar<\/button><img loading=\"lazy\" decoding=\"async\" src=\"https:\/\/www.fermedescouleurs.com\/wp-content\/plugins\/wpforms-lite\/assets\/images\/submit-spin.svg\" class=\"wpforms-submit-spinner\" style=\"display: none;\" width=\"26\" height=\"26\" alt=\"Cargando\"><\/div><\/form><\/div>  <!-- .wpforms-container --><\/div>\n<\/div><\/div>\n","protected":false},"excerpt":{"rendered":"<p>En la granja, nos apasiona nuestro trabajo y queremos compartir esta pasi\u00f3n con los habitantes de nuestra regi\u00f3n. Os invitamos a venir con vuestros hijos y adolescentes para descubrir algunos aspectos de nuestra labor a trav\u00e9s de talleres educativos y participativos. \u00a1No dud\u00e9is en visitarnos! Educaci\u00f3n ambiental: Al explorar una granja ecol\u00f3gica, los visitantes pueden [&hellip;]<\/p>\n","protected":false},"author":15,"featured_media":0,"parent":0,"menu_order":0,"comment_status":"closed","ping_status":"closed","template":"","meta":{"_uag_custom_page_level_css":"","site-sidebar-layout":"default","site-content-layout":"plain-container","ast-site-content-layout":"normal-width-container","site-content-style":"unboxed","site-sidebar-style":"unboxed","ast-global-header-display":"","ast-banner-title-visibility":"","ast-main-header-display":"","ast-hfb-above-header-display":"","ast-hfb-below-header-display":"","ast-hfb-mobile-header-display":"","site-post-title":"disabled","ast-breadcrumbs-content":"","ast-featured-img":"","footer-sml-layout":"","ast-disable-related-posts":"","theme-transparent-header-meta":"enabled","adv-header-id-meta":"","stick-header-meta":"","header-above-stick-meta":"","header-main-stick-meta":"","header-below-stick-meta":"","astra-migrate-meta-layouts":"default","ast-page-background-enabled":"default","ast-page-background-meta":{"desktop":{"background-color":"","background-image":"","background-repeat":"repeat","background-position":"center center","background-size":"auto","background-attachment":"scroll","background-type":"","background-media":"","overlay-type":"","overlay-color":"","overlay-opacity":"","overlay-gradient":""},"tablet":{"background-color":"","background-image":"","background-repeat":"repeat","background-position":"center center","background-size":"auto","background-attachment":"scroll","background-type":"","background-media":"","overlay-type":"","overlay-color":"","overlay-opacity":"","overlay-gradient":""},"mobile":{"background-color":"","background-image":"","background-repeat":"repeat","background-position":"center center","background-size":"auto","background-attachment":"scroll","background-type":"","background-media":"","overlay-type":"","overlay-color":"","overlay-opacity":"","overlay-gradient":""}},"ast-content-background-meta":{"desktop":{"background-color":"var(--ast-global-color-5)","background-image":"","background-repeat":"repeat","background-position":"center center","background-size":"auto","background-attachment":"scroll","background-type":"","background-media":"","overlay-type":"","overlay-color":"","overlay-opacity":"","overlay-gradient":""},"tablet":{"background-color":"var(--ast-global-color-5)","background-image":"","background-repeat":"repeat","background-position":"center center","background-size":"auto","background-attachment":"scroll","background-type":"","background-media":"","overlay-type":"","overlay-color":"","overlay-opacity":"","overlay-gradient":""},"mobile":{"background-color":"var(--ast-global-color-5)","background-image":"","background-repeat":"repeat","background-position":"center center","background-size":"auto","background-attachment":"scroll","background-type":"","background-media":"","overlay-type":"","overlay-color":"","overlay-opacity":"","overlay-gradient":""}},"footnotes":""},"class_list":["post-2791","page","type-page","status-publish","hentry"],"uagb_featured_image_src":{"full":false,"thumbnail":false,"medium":false,"medium_large":false,"large":false,"1536x1536":false,"2048x2048":false,"job-image":false,"woocommerce_thumbnail":false,"woocommerce_single":false,"woocommerce_gallery_thumbnail":false,"dgwt-wcas-product-suggestion":false},"uagb_author_info":{"display_name":"Evalnor Solutions","author_link":"https:\/\/www.fermedescouleurs.com\/es\/author\/evalnor\/"},"uagb_comment_info":0,"uagb_excerpt":"En la granja, nos apasiona nuestro trabajo y queremos compartir esta pasi\u00f3n con los habitantes de nuestra regi\u00f3n. Os invitamos a venir con vuestros hijos y adolescentes para descubrir algunos aspectos de nuestra labor a trav\u00e9s de talleres educativos y participativos. \u00a1No dud\u00e9is en visitarnos! Educaci\u00f3n ambiental: Al explorar una granja ecol\u00f3gica, los visitantes pueden&hellip;","jetpack_sharing_enabled":true,"_links":{"self":[{"href":"https:\/\/www.fermedescouleurs.com\/es\/wp-json\/wp\/v2\/pages\/2791","targetHints":{"allow":["GET"]}}],"collection":[{"href":"https:\/\/www.fermedescouleurs.com\/es\/wp-json\/wp\/v2\/pages"}],"about":[{"href":"https:\/\/www.fermedescouleurs.com\/es\/wp-json\/wp\/v2\/types\/page"}],"author":[{"embeddable":true,"href":"https:\/\/www.fermedescouleurs.com\/es\/wp-json\/wp\/v2\/users\/15"}],"replies":[{"embeddable":true,"href":"https:\/\/www.fermedescouleurs.com\/es\/wp-json\/wp\/v2\/comments?post=2791"}],"version-history":[{"count":2,"href":"https:\/\/www.fermedescouleurs.com\/es\/wp-json\/wp\/v2\/pages\/2791\/revisions"}],"predecessor-version":[{"id":2819,"href":"https:\/\/www.fermedescouleurs.com\/es\/wp-json\/wp\/v2\/pages\/2791\/revisions\/2819"}],"wp:attachment":[{"href":"https:\/\/www.fermedescouleurs.com\/es\/wp-json\/wp\/v2\/media?parent=2791"}],"curies":[{"name":"wp","href":"https:\/\/api.w.org\/{rel}","templated":true}]}}